{"id":88114,"date":"2021-06-09T14:18:10","date_gmt":"2021-06-09T12:18:10","guid":{"rendered":"https:\/\/www.idokom.fr\/clients\/fcl-tennis\/?page_id=88114"},"modified":"2021-06-10T10:07:35","modified_gmt":"2021-06-10T08:07:35","slug":"devenir-partenaire","status":"publish","type":"page","link":"https:\/\/www.idokom.fr\/clients\/fcl-tennis\/devenir-partenaire\/","title":{"rendered":"Devenir partenaire"},"content":{"rendered":"<p>[vc_row row_height_percent=\u00a0\u00bb30&Prime; override_padding=\u00a0\u00bbyes\u00a0\u00bb h_padding=\u00a0\u00bb2&Prime; top_padding=\u00a0\u00bb3&Prime; bottom_padding=\u00a0\u00bb3&Prime; back_color=\u00a0\u00bbcolor-wayh\u00a0\u00bb back_image=\u00a0\u00bb87982&Prime; back_repeat=\u00a0\u00bbno-repeat\u00a0\u00bb back_position=\u00a0\u00bbcenter bottom\u00a0\u00bb overlay_color=\u00a0\u00bbaccent\u00a0\u00bb overlay_alpha=\u00a0\u00bb80&Prime; gutter_size=\u00a0\u00bb3&Prime; column_width_percent=\u00a0\u00bb100&Prime; shift_y=\u00a0\u00bb0&Prime; z_index=\u00a0\u00bb0&Prime;][vc_column column_width_percent=\u00a0\u00bb100&Prime; position_vertical=\u00a0\u00bbbottom\u00a0\u00bb gutter_size=\u00a0\u00bb3&Prime; style=\u00a0\u00bbdark\u00a0\u00bb overlay_alpha=\u00a0\u00bb50&Prime; shift_x=\u00a0\u00bb0&Prime; shift_y=\u00a0\u00bb0&Prime; medium_width=\u00a0\u00bb0&Prime; zoom_width=\u00a0\u00bb0&Prime; zoom_height=\u00a0\u00bb0&Prime; width=\u00a0\u00bb1\/1&Prime;][vc_custom_heading heading_semantic=\u00a0\u00bbh1&Prime; text_font=\u00a0\u00bbfont-762333&Prime; text_size=\u00a0\u00bbfontsize-338686&Prime; text_weight=\u00a0\u00bb700&Prime; text_height=\u00a0\u00bbfontheight-179065&Prime; sub_reduced=\u00a0\u00bbyes\u00a0\u00bb text_uppercase=\u00a0\u00bb\u00a0\u00bb]Devenir partenaire[\/vc_custom_heading][\/vc_column][\/vc_row][vc_row][vc_column width=\u00a0\u00bb1\/1&Prime;][vc_custom_heading]<\/p>\n<h2 id=\"cc-m-header-14773063322\" class=\"\">Le FCL Tennis, entre performance et convivialit\u00e9<\/h2>\n<p>[\/vc_custom_heading][vc_column_text]<\/p>\n<div id=\"cc-m-14773063322\" class=\"j-module n j-header \"><\/div>\n<p>Le partenariat sportif s&rsquo;inscrit aujourd&rsquo;hui comme un outil privil\u00e9gi\u00e9 pour consolider la notori\u00e9t\u00e9 d&rsquo;une marque, accro\u00eetre sa visibilit\u00e9, et permettre de d\u00e9velopper\u00a0 des relations dans un cadre associant performance et convivialit\u00e9. S&rsquo;associer au FCL Tennis, c&rsquo;est apporter une contribution au profit des joueurs licenci\u00e9s, de l&rsquo;infrastructure du\u00a0 club, de l&rsquo;\u00e9quipe qui dynamise et d\u00e9veloppe le club\u00a0 et des passionn\u00e9s de tennis plus largement. S&rsquo;engager aux c\u00f4t\u00e9s du club ou de l&rsquo;un de ses \u00e9v\u00e9nements, c&rsquo;est aussi s&rsquo;affranchir des risques li\u00e9s aux r\u00e9sultats d&rsquo;un athl\u00e8te que le partenaire soutiendrait.<\/p>\n<p>&nbsp;<\/p>\n<p>Notre \u00e9quipe garantie de proposer des solutions adaptables \u00e0 la strat\u00e9gie des partenaires, afin de r\u00e9pondre \u00e0 leurs besoins de communication, en relation avec les valeurs du tennis : \u00e9thique, respect, d\u00e9passement de soi, dynamisme, \u00e9motion&#8230;<\/p>\n<p>&nbsp;<\/p>\n<p>Investir dans le tennis et plus particuli\u00e8rement au FCL Tennis permet de toucher un vaste public, licenci\u00e9 ou amateur, \u00e0 travers un club qui rayonne sur le plan r\u00e9gional comme national\u00a0 :<\/p>\n<p>[\/vc_column_text][\/vc_column][\/vc_row][vc_row][vc_column width=\u00a0\u00bb2\/3&Prime;][vc_column_text]- FCL Tennis : 1 titre de champion de France 15\/16A, 1 \u00e9quipe en Championnat de France Senior, une acad\u00e9mie de tennis reconnue s&rsquo;appuyant sur une politique sportive forte et \u00e9quilibr\u00e9e int\u00e9grant un effectif de pr\u00e8s de 700 membres , une \u00e9cole de tennis de 300 jeunes, des formules de stages diversifi\u00e9es, des cours adultes, l&rsquo;ensemble dispens\u00e9 au sein d&rsquo;une infrastructure faisant la part belle \u00e0 la Terre Battue (7 courts) mais aussi 6 courts couverts, un club house spacieux avec terrasse panoramique.<\/p>\n<p>&#8211; Auvergne-Rh\u00f4ne-Alpes : 850 clubs et 130 000 licenci\u00e9s faisant de la r\u00e9gion AURA la plus grande ligue provinciale.<\/p>\n<p>&#8211; France : 5 millions de pratiquants et plus d&rsquo;1 million de licenci\u00e9s (2e f\u00e9d\u00e9ration sportive nationale\u00a0 et le 1er sport f\u00e9minin).[\/vc_column_text][\/vc_column][vc_column width=\u00a0\u00bb1\/3&Prime;][vc_single_image media=\u00a0\u00bb87957&Prime; media_width_percent=\u00a0\u00bb100&Prime;][\/vc_column][\/vc_row][vc_row][vc_column width=\u00a0\u00bb1\/2&Prime;][vc_custom_heading]Au-del\u00e0 du d\u00e9veloppement de la pratique du tennis, le FCL Tennis organise des \u00e9v\u00e9nements majeurs :<\/p>\n<p>&nbsp;<\/p>\n<p>[\/vc_custom_heading][vc_column_text]- La 1ere Edition de L&rsquo;Open de Caluire et Cuire, labellis\u00e9 CNGT,\u00a0 offrira un plateau de joueurs parmi le Top 100 Fran\u00e7ais<\/p>\n<p>&#8211; Un tournoi 13\/14 ans sur Terre battue offrant une invitation au Tournoi International 13\/14 Ans du Stade Fran\u00e7ais.<\/p>\n<p>&nbsp;<\/p>\n<p>Acteur incontournable du tennis lyonnais, le FCL Tennis est aussi associ\u00e9 \u00e0 d&rsquo;autres \u00e9v\u00e9nements d&rsquo;envergure se d\u00e9roulant sur la r\u00e9gion Lyonnaise \u00e0 l&rsquo;image du partenariat avec l&rsquo;Open Parc 2018 pour l&rsquo;entrainement des joueurs sur le site du FCL Tennis.[\/vc_column_text][\/vc_column][vc_column width=\u00a0\u00bb1\/2&Prime;][vc_single_image media=\u00a0\u00bb88067&Prime; media_width_percent=\u00a0\u00bb100&Prime;][\/vc_column][\/vc_row][vc_row][vc_column width=\u00a0\u00bb1\/2&Prime;][vc_single_image media=\u00a0\u00bb88066&Prime; media_width_percent=\u00a0\u00bb100&Prime;][\/vc_column][vc_column width=\u00a0\u00bb1\/2&Prime;][vc_custom_heading]Des solutions personnalis\u00e9es sont donc propos\u00e9s aux soci\u00e9t\u00e9s d\u00e9sirant s&rsquo;associer au FCL Tennis\u00a0 et\/ou \u00e0 ses \u00e9v\u00e9nements, qui ouvrent sur :[\/vc_custom_heading][vc_column_text]- une privatisation des infrastructures<\/p>\n<p>&#8211; une visibilit\u00e9 sur court, dans les publications,\u00a0 sur le site Internet et les r\u00e9seaux sociaux<\/p>\n<p>&#8211; du naming : adossez votre image \u00e0 un \u00e9v\u00e9nement sportif<\/p>\n<p>&#8211; l&rsquo;invitation de vos collaborateurs \u00e0 partager un moment de d\u00e9tente<\/p>\n<p>&#8211; diverses opportunit\u00e9s pouvant \u00eatre construites de toutes pi\u00e8ces!<\/p>\n<p>&nbsp;<\/p>\n<p>A voir briller les yeux de nos jeunes joueurs, nul doute que nos \u00e9quipes relaient la passion pour ce sport \u00e0 la fois noble et populaire en proposant des prestations \u00e9largies et soign\u00e9es. Partageons ensemble la culture de l&rsquo;excellence, aussi bien pour tous ceux qui souhaitent la convivialit\u00e9 que pour ceux qui visent la performance.<\/p>\n<p>&nbsp;<\/p>\n<p><strong>Choisissez le FCL Tennis pour vous exposer\u00a0<\/strong>[\/vc_column_text][\/vc_column][\/vc_row][vc_row unlock_row_content=\u00a0\u00bbyes\u00a0\u00bb row_height_percent=\u00a0\u00bb0&Prime; override_padding=\u00a0\u00bbyes\u00a0\u00bb h_padding=\u00a0\u00bb2&Prime; top_padding=\u00a0\u00bb5&Prime; bottom_padding=\u00a0\u00bb5&Prime; back_color=\u00a0\u00bbcolor-wayh\u00a0\u00bb overlay_alpha=\u00a0\u00bb13&Prime; gutter_size=\u00a0\u00bb3&Prime; column_width_percent=\u00a0\u00bb100&Prime; shift_y=\u00a0\u00bb0&Prime; z_index=\u00a0\u00bb0&Prime; style=\u00a0\u00bbinherited\u00a0\u00bb][vc_column column_width_percent=\u00a0\u00bb100&Prime; position_vertical=\u00a0\u00bbmiddle\u00a0\u00bb align_horizontal=\u00a0\u00bbalign_center\u00a0\u00bb gutter_size=\u00a0\u00bb3&Prime; style=\u00a0\u00bbdark\u00a0\u00bb font_family=\u00a0\u00bbfont-762333&Prime; overlay_alpha=\u00a0\u00bb100&Prime; shift_x=\u00a0\u00bb0&Prime; shift_y=\u00a0\u00bb0&Prime; shift_y_down=\u00a0\u00bb0&Prime; z_index=\u00a0\u00bb0&Prime; medium_width=\u00a0\u00bb0&Prime; mobile_width=\u00a0\u00bb0&Prime; zoom_width=\u00a0\u00bb0&Prime; zoom_height=\u00a0\u00bb0&Prime; width=\u00a0\u00bb1\/1&Prime;][vc_custom_heading text_font=\u00a0\u00bbfont-156269&Prime; text_size=\u00a0\u00bbh1&Prime; text_transform=\u00a0\u00bbuppercase\u00a0\u00bb]Nous contacter<\/p>\n<p>[\/vc_custom_heading][\/vc_column][\/vc_row][vc_row][vc_column width=\u00a0\u00bb1\/2&Prime;]<div role=\"form\" class=\"wpcf7\" id=\"wpcf7-f88112-o1\" lang=\"fr-FR\" dir=\"ltr\">\n<div class=\"screen-reader-response\"><p role=\"status\" aria-live=\"polite\" aria-atomic=\"true\"><\/p> <ul><\/ul><\/div>\n<form action=\"\/clients\/fcl-tennis\/wp-json\/wp\/v2\/pages\/88114#wpcf7-f88112-o1\" method=\"post\" class=\"wpcf7-form init input-background\" novalidate=\"novalidate\" data-status=\"init\">\n<div style=\"display: none;\">\n<input type=\"hidden\" name=\"_wpcf7\" value=\"88112\" \/>\n<input type=\"hidden\" name=\"_wpcf7_version\" value=\"5.5.6\" \/>\n<input type=\"hidden\" name=\"_wpcf7_locale\" value=\"fr_FR\" \/>\n<input type=\"hidden\" name=\"_wpcf7_unit_tag\" value=\"wpcf7-f88112-o1\" \/>\n<input type=\"hidden\" name=\"_wpcf7_container_post\" value=\"0\" \/>\n<input type=\"hidden\" name=\"_wpcf7_posted_data_hash\" value=\"\" \/>\n<\/div>\n<p><label> Votre Nom<br \/>\n    <span class=\"wpcf7-form-control-wrap your-name\"><input type=\"text\" name=\"your-name\" value=\"\" size=\"40\" class=\"wpcf7-form-control wpcf7-text wpcf7-validates-as-required\" aria-required=\"true\" aria-invalid=\"false\" \/><\/span> <\/label><\/p>\n<p><label> Pr\u00e9nom<br \/>\n    <span class=\"wpcf7-form-control-wrap prenom\"><input type=\"text\" name=\"prenom\" value=\"\" size=\"40\" class=\"wpcf7-form-control wpcf7-text wpcf7-validates-as-required\" aria-required=\"true\" aria-invalid=\"false\" \/><\/span> <\/label><\/p>\n<p><label> Num\u00e9ro de t\u00e9l\u00e9phone<br \/>\n       <span class=\"wpcf7-form-control-wrap tel-666\"><input type=\"tel\" name=\"tel-666\" value=\"\" size=\"40\" class=\"wpcf7-form-control wpcf7-text wpcf7-tel wpcf7-validates-as-tel\" aria-invalid=\"false\" \/><\/span> <\/label><\/p>\n<p><label> Nom de l'entreprise<br \/>\n      <span class=\"wpcf7-form-control-wrap nom-de-l-entreprise\"><input type=\"text\" name=\"nom-de-l-entreprise\" value=\"\" size=\"40\" class=\"wpcf7-form-control wpcf7-text\" aria-invalid=\"false\" \/><\/span> <\/label><\/p>\n<p><label> Secteur d'activit\u00e9<br \/>\n     <span class=\"wpcf7-form-control-wrap secteur-activite\"><input type=\"text\" name=\"secteur-activite\" value=\"\" size=\"40\" class=\"wpcf7-form-control wpcf7-text\" aria-invalid=\"false\" \/><\/span> <\/label><\/p>\n<p><label> Poste dans l'entreprise<br \/>\n      <span class=\"wpcf7-form-control-wrap poste-dans-entreprise\"><input type=\"text\" name=\"poste-dans-entreprise\" value=\"\" size=\"40\" class=\"wpcf7-form-control wpcf7-text\" aria-invalid=\"false\" \/><\/span><\/label><\/p>\n<p><label> Email<br \/>\n       <span class=\"wpcf7-form-control-wrap email-777\"><input type=\"email\" name=\"email-777\" value=\"\" size=\"40\" class=\"wpcf7-form-control wpcf7-text wpcf7-email wpcf7-validates-as-email\" aria-invalid=\"false\" \/><\/span> <\/label><\/p>\n<p><label> Objet<br \/>\n    <span class=\"wpcf7-form-control-wrap your-subject\"><input type=\"text\" name=\"your-subject\" value=\"\" size=\"40\" class=\"wpcf7-form-control wpcf7-text wpcf7-validates-as-required\" aria-required=\"true\" aria-invalid=\"false\" \/><\/span> <\/label><\/p>\n<p><label> Votre message (facultatif)<br \/>\n     <span class=\"wpcf7-form-control-wrap your-message\"><textarea name=\"your-message\" cols=\"40\" rows=\"10\" class=\"wpcf7-form-control wpcf7-textarea\" aria-invalid=\"false\"><\/textarea><\/span> <\/label><br \/>\n<input type=\"submit\" value=\"Envoyer\" class=\"wpcf7-form-control has-spinner wpcf7-submit\" \/><\/p>\n<div class=\"wpcf7-response-output\" aria-hidden=\"true\"><\/div><\/form><\/div>[\/vc_column][vc_column width=\u00a0\u00bb1\/2&Prime;][vc_column_text]<iframe style=\"border: 0;\" src=\"https:\/\/www.google.com\/maps\/embed?pb=!1m18!1m12!1m3!1d2781.94995724505!2d4.835700915818583!3d45.79223027910626!2m3!1f0!2f0!3f0!3m2!1i1024!2i768!4f13.1!3m3!1m2!1s0x47f4ead79bfbbf49%3A0xf667ed310ea6a1df!2s9%20Rue%20Fran%C3%A7ois%20Peissel%2C%2069300%20Caluire-et-Cuire!5e0!3m2!1sfr!2sfr!4v1622554189023!5m2!1sfr!2sfr\" width=\"600\" height=\"450\" allowfullscreen=\"allowfullscreen\"><\/iframe>[\/vc_column_text][\/vc_column][\/vc_row]<\/p>\n","protected":false},"excerpt":{"rendered":"<p>[vc_row row_height_percent=\u00a0\u00bb30&Prime; override_padding=\u00a0\u00bbyes\u00a0\u00bb h_padding=\u00a0\u00bb2&Prime; top_padding=\u00a0\u00bb3&Prime; bottom_padding=\u00a0\u00bb3&Prime; back_color=\u00a0\u00bbcolor-wayh\u00a0\u00bb back_image=\u00a0\u00bb87982&Prime; back_repeat=\u00a0\u00bbno-repeat\u00a0\u00bb back_position=\u00a0\u00bbcenter bottom\u00a0\u00bb overlay_color=\u00a0\u00bbaccent\u00a0\u00bb overlay_alpha=\u00a0\u00bb80&Prime; gutter_size=\u00a0\u00bb3&Prime; column_width_percent=\u00a0\u00bb100&Prime; shift_y=\u00a0\u00bb0&Prime; z_index=\u00a0\u00bb0&Prime;][vc_column column_width_percent=\u00a0\u00bb100&Prime; position_vertical=\u00a0\u00bbbottom\u00a0\u00bb gutter_size=\u00a0\u00bb3&Prime; [&hellip;]<\/p>\n","protected":false},"author":1,"featured_media":87845,"parent":0,"menu_order":0,"comment_status":"open","ping_status":"closed","template":"","meta":{"footnotes":""},"class_list":["post-88114","page","type-page","status-publish","has-post-thumbnail","hentry"],"yoast_head":"<!-- This site is optimized with the Yoast SEO plugin v18.7 - https:\/\/yoast.com\/wordpress\/plugins\/seo\/ -->\n<title>Devenir partenaire - FCL Tennis - Caluire et Cuire<\/title>\n<meta name=\"robots\" content=\"noindex, follow, max-snippet:-1, max-image-preview:large, max-video-preview:-1\" \/>\n<meta property=\"og:locale\" content=\"fr_FR\" \/>\n<meta property=\"og:type\" content=\"article\" \/>\n<meta property=\"og:title\" content=\"Devenir partenaire - FCL Tennis - Caluire et Cuire\" \/>\n<meta property=\"og:description\" content=\"[vc_row row_height_percent=\u00a0\u00bb30&Prime; override_padding=\u00a0\u00bbyes\u00a0\u00bb h_padding=\u00a0\u00bb2&Prime; top_padding=\u00a0\u00bb3&Prime; bottom_padding=\u00a0\u00bb3&Prime; back_color=\u00a0\u00bbcolor-wayh\u00a0\u00bb back_image=\u00a0\u00bb87982&Prime; back_repeat=\u00a0\u00bbno-repeat\u00a0\u00bb back_position=\u00a0\u00bbcenter bottom\u00a0\u00bb overlay_color=\u00a0\u00bbaccent\u00a0\u00bb overlay_alpha=\u00a0\u00bb80&Prime; gutter_size=\u00a0\u00bb3&Prime; column_width_percent=\u00a0\u00bb100&Prime; shift_y=\u00a0\u00bb0&Prime; z_index=\u00a0\u00bb0&Prime;][vc_column column_width_percent=\u00a0\u00bb100&Prime; position_vertical=\u00a0\u00bbbottom\u00a0\u00bb gutter_size=\u00a0\u00bb3&Prime; [&hellip;]\" \/>\n<meta property=\"og:url\" content=\"https:\/\/www.idokom.fr\/clients\/fcl-tennis\/devenir-partenaire\/\" \/>\n<meta property=\"og:site_name\" content=\"FCL Tennis - Caluire et Cuire\" \/>\n<meta property=\"article:modified_time\" content=\"2021-06-10T08:07:35+00:00\" \/>\n<meta property=\"og:image\" content=\"https:\/\/www.idokom.fr\/clients\/fcl-tennis\/wp-content\/uploads\/2014\/12\/FCL-20200831-041-scaled.jpg\" \/>\n\t<meta property=\"og:image:width\" content=\"2560\" \/>\n\t<meta property=\"og:image:height\" content=\"2258\" \/>\n\t<meta property=\"og:image:type\" content=\"image\/jpeg\" \/>\n<meta name=\"twitter:card\" content=\"summary_large_image\" \/>\n<meta name=\"twitter:label1\" content=\"Dur\u00e9e de lecture estim\u00e9e\" \/>\n\t<meta name=\"twitter:data1\" content=\"3 minutes\" \/>\n<script type=\"application\/ld+json\" class=\"yoast-schema-graph\">{\"@context\":\"https:\/\/schema.org\",\"@graph\":[{\"@type\":\"WebSite\",\"@id\":\"https:\/\/www.idokom.fr\/clients\/fcl-tennis\/#website\",\"url\":\"https:\/\/www.idokom.fr\/clients\/fcl-tennis\/\",\"name\":\"FCL Tennis - Caluire et Cuire\",\"description\":\"Un site utilisant WordPress\",\"potentialAction\":[{\"@type\":\"SearchAction\",\"target\":{\"@type\":\"EntryPoint\",\"urlTemplate\":\"https:\/\/www.idokom.fr\/clients\/fcl-tennis\/?s={search_term_string}\"},\"query-input\":\"required name=search_term_string\"}],\"inLanguage\":\"fr-FR\"},{\"@type\":\"ImageObject\",\"inLanguage\":\"fr-FR\",\"@id\":\"https:\/\/www.idokom.fr\/clients\/fcl-tennis\/devenir-partenaire\/#primaryimage\",\"url\":\"https:\/\/www.idokom.fr\/clients\/fcl-tennis\/wp-content\/uploads\/2014\/12\/FCL-20200831-041-scaled.jpg\",\"contentUrl\":\"https:\/\/www.idokom.fr\/clients\/fcl-tennis\/wp-content\/uploads\/2014\/12\/FCL-20200831-041-scaled.jpg\",\"width\":2560,\"height\":2258,\"caption\":\"Academie 31 ao\u00fbt 2020\"},{\"@type\":\"WebPage\",\"@id\":\"https:\/\/www.idokom.fr\/clients\/fcl-tennis\/devenir-partenaire\/#webpage\",\"url\":\"https:\/\/www.idokom.fr\/clients\/fcl-tennis\/devenir-partenaire\/\",\"name\":\"Devenir partenaire - FCL Tennis - Caluire et Cuire\",\"isPartOf\":{\"@id\":\"https:\/\/www.idokom.fr\/clients\/fcl-tennis\/#website\"},\"primaryImageOfPage\":{\"@id\":\"https:\/\/www.idokom.fr\/clients\/fcl-tennis\/devenir-partenaire\/#primaryimage\"},\"datePublished\":\"2021-06-09T12:18:10+00:00\",\"dateModified\":\"2021-06-10T08:07:35+00:00\",\"breadcrumb\":{\"@id\":\"https:\/\/www.idokom.fr\/clients\/fcl-tennis\/devenir-partenaire\/#breadcrumb\"},\"inLanguage\":\"fr-FR\",\"potentialAction\":[{\"@type\":\"ReadAction\",\"target\":[\"https:\/\/www.idokom.fr\/clients\/fcl-tennis\/devenir-partenaire\/\"]}]},{\"@type\":\"BreadcrumbList\",\"@id\":\"https:\/\/www.idokom.fr\/clients\/fcl-tennis\/devenir-partenaire\/#breadcrumb\",\"itemListElement\":[{\"@type\":\"ListItem\",\"position\":1,\"name\":\"Accueil\",\"item\":\"https:\/\/www.idokom.fr\/clients\/fcl-tennis\/\"},{\"@type\":\"ListItem\",\"position\":2,\"name\":\"Devenir partenaire\"}]}]}<\/script>\n<!-- \/ Yoast SEO plugin. -->","yoast_head_json":{"title":"Devenir partenaire - FCL Tennis - Caluire et Cuire","robots":{"index":"noindex","follow":"follow","max-snippet":"max-snippet:-1","max-image-preview":"max-image-preview:large","max-video-preview":"max-video-preview:-1"},"og_locale":"fr_FR","og_type":"article","og_title":"Devenir partenaire - FCL Tennis - Caluire et Cuire","og_description":"[vc_row row_height_percent=\u00a0\u00bb30&Prime; override_padding=\u00a0\u00bbyes\u00a0\u00bb h_padding=\u00a0\u00bb2&Prime; top_padding=\u00a0\u00bb3&Prime; bottom_padding=\u00a0\u00bb3&Prime; back_color=\u00a0\u00bbcolor-wayh\u00a0\u00bb back_image=\u00a0\u00bb87982&Prime; back_repeat=\u00a0\u00bbno-repeat\u00a0\u00bb back_position=\u00a0\u00bbcenter bottom\u00a0\u00bb overlay_color=\u00a0\u00bbaccent\u00a0\u00bb overlay_alpha=\u00a0\u00bb80&Prime; gutter_size=\u00a0\u00bb3&Prime; column_width_percent=\u00a0\u00bb100&Prime; shift_y=\u00a0\u00bb0&Prime; z_index=\u00a0\u00bb0&Prime;][vc_column column_width_percent=\u00a0\u00bb100&Prime; position_vertical=\u00a0\u00bbbottom\u00a0\u00bb gutter_size=\u00a0\u00bb3&Prime; [&hellip;]","og_url":"https:\/\/www.idokom.fr\/clients\/fcl-tennis\/devenir-partenaire\/","og_site_name":"FCL Tennis - Caluire et Cuire","article_modified_time":"2021-06-10T08:07:35+00:00","og_image":[{"width":2560,"height":2258,"url":"https:\/\/www.idokom.fr\/clients\/fcl-tennis\/wp-content\/uploads\/2014\/12\/FCL-20200831-041-scaled.jpg","type":"image\/jpeg"}],"twitter_card":"summary_large_image","twitter_misc":{"Dur\u00e9e de lecture estim\u00e9e":"3 minutes"},"schema":{"@context":"https:\/\/schema.org","@graph":[{"@type":"WebSite","@id":"https:\/\/www.idokom.fr\/clients\/fcl-tennis\/#website","url":"https:\/\/www.idokom.fr\/clients\/fcl-tennis\/","name":"FCL Tennis - Caluire et Cuire","description":"Un site utilisant WordPress","potentialAction":[{"@type":"SearchAction","target":{"@type":"EntryPoint","urlTemplate":"https:\/\/www.idokom.fr\/clients\/fcl-tennis\/?s={search_term_string}"},"query-input":"required name=search_term_string"}],"inLanguage":"fr-FR"},{"@type":"ImageObject","inLanguage":"fr-FR","@id":"https:\/\/www.idokom.fr\/clients\/fcl-tennis\/devenir-partenaire\/#primaryimage","url":"https:\/\/www.idokom.fr\/clients\/fcl-tennis\/wp-content\/uploads\/2014\/12\/FCL-20200831-041-scaled.jpg","contentUrl":"https:\/\/www.idokom.fr\/clients\/fcl-tennis\/wp-content\/uploads\/2014\/12\/FCL-20200831-041-scaled.jpg","width":2560,"height":2258,"caption":"Academie 31 ao\u00fbt 2020"},{"@type":"WebPage","@id":"https:\/\/www.idokom.fr\/clients\/fcl-tennis\/devenir-partenaire\/#webpage","url":"https:\/\/www.idokom.fr\/clients\/fcl-tennis\/devenir-partenaire\/","name":"Devenir partenaire - FCL Tennis - Caluire et Cuire","isPartOf":{"@id":"https:\/\/www.idokom.fr\/clients\/fcl-tennis\/#website"},"primaryImageOfPage":{"@id":"https:\/\/www.idokom.fr\/clients\/fcl-tennis\/devenir-partenaire\/#primaryimage"},"datePublished":"2021-06-09T12:18:10+00:00","dateModified":"2021-06-10T08:07:35+00:00","breadcrumb":{"@id":"https:\/\/www.idokom.fr\/clients\/fcl-tennis\/devenir-partenaire\/#breadcrumb"},"inLanguage":"fr-FR","potentialAction":[{"@type":"ReadAction","target":["https:\/\/www.idokom.fr\/clients\/fcl-tennis\/devenir-partenaire\/"]}]},{"@type":"BreadcrumbList","@id":"https:\/\/www.idokom.fr\/clients\/fcl-tennis\/devenir-partenaire\/#breadcrumb","itemListElement":[{"@type":"ListItem","position":1,"name":"Accueil","item":"https:\/\/www.idokom.fr\/clients\/fcl-tennis\/"},{"@type":"ListItem","position":2,"name":"Devenir partenaire"}]}]}},"_links":{"self":[{"href":"https:\/\/www.idokom.fr\/clients\/fcl-tennis\/wp-json\/wp\/v2\/pages\/88114","targetHints":{"allow":["GET"]}}],"collection":[{"href":"https:\/\/www.idokom.fr\/clients\/fcl-tennis\/wp-json\/wp\/v2\/pages"}],"about":[{"href":"https:\/\/www.idokom.fr\/clients\/fcl-tennis\/wp-json\/wp\/v2\/types\/page"}],"author":[{"embeddable":true,"href":"https:\/\/www.idokom.fr\/clients\/fcl-tennis\/wp-json\/wp\/v2\/users\/1"}],"replies":[{"embeddable":true,"href":"https:\/\/www.idokom.fr\/clients\/fcl-tennis\/wp-json\/wp\/v2\/comments?post=88114"}],"version-history":[{"count":8,"href":"https:\/\/www.idokom.fr\/clients\/fcl-tennis\/wp-json\/wp\/v2\/pages\/88114\/revisions"}],"predecessor-version":[{"id":88123,"href":"https:\/\/www.idokom.fr\/clients\/fcl-tennis\/wp-json\/wp\/v2\/pages\/88114\/revisions\/88123"}],"wp:featuredmedia":[{"embeddable":true,"href":"https:\/\/www.idokom.fr\/clients\/fcl-tennis\/wp-json\/wp\/v2\/media\/87845"}],"wp:attachment":[{"href":"https:\/\/www.idokom.fr\/clients\/fcl-tennis\/wp-json\/wp\/v2\/media?parent=88114"}],"curies":[{"name":"wp","href":"https:\/\/api.w.org\/{rel}","templated":true}]}}